{"id":736,"date":"2015-11-29T16:33:28","date_gmt":"2015-11-29T14:33:28","guid":{"rendered":"http:\/\/pran.de\/wp_wein\/?page_id=736"},"modified":"2016-04-27T21:11:29","modified_gmt":"2016-04-27T19:11:29","slug":"thema-unser-betrieb","status":"publish","type":"page","link":"http:\/\/weingut-pfannebecker.de\/?page_id=736","title":{"rendered":"Thema: Unser Betrieb"},"content":{"rendered":"<div id=\"pl-736\"  class=\"panel-layout\" ><div id=\"pg-736-0\"  class=\"panel-grid panel-no-style\" ><div id=\"pgc-736-0-0\"  class=\"panel-grid-cell\" ><div id=\"panel-736-0-0-0\" class=\"so-panel widget widget_rpwe_widget rpwe_widget recent-posts-extended panel-first-child panel-last-child\" data-index=\"0\" ><div class=\"panel-widget-style panel-widget-style-for-736-0-0-0\" ><h3 class=\"widget-title\">Unser Betrieb<\/h3><div  class=\"rpwe-block\"><ul class=\"rpwe-ul\"><li class=\"rpwe-li rpwe-clearfix\"><a class=\"rpwe-img\" href=\"http:\/\/weingut-pfannebecker.de\/?p=844\" target=\"_self\"><img class=\"rpwe-alignleft rpwe-thumb\" src=\"http:\/\/weingut-pfannebecker.de\/wp-content\/uploads\/2015\/04\/IMG_2213_klein-80x80.jpg\" alt=\"23.April 2015: Einmessen\" height=\"80\" width=\"80\" loading=\"lazy\" decoding=\"async\"><\/a><h3 class=\"rpwe-title\"><a href=\"http:\/\/weingut-pfannebecker.de\/?p=844\" target=\"_self\">23.April 2015: Einmessen<\/a><\/h3><time class=\"rpwe-time published\" datetime=\"2015-04-28T17:19:00+02:00\">28. April 2015<\/time><div class=\"rpwe-summary\">Nach der Neuanpflanzung m\u00fcssen die Drahtrahmen aufgestellt und gespannt werden, &hellip;<a href=\"http:\/\/weingut-pfannebecker.de\/?p=844\" class=\"more-link\"> \u00bb Weiterlesen \u00bb<\/a><\/div><\/li><li class=\"rpwe-li rpwe-clearfix\"><a class=\"rpwe-img\" href=\"http:\/\/weingut-pfannebecker.de\/?p=1087\" target=\"_self\"><img class=\"rpwe-alignleft rpwe-thumb\" src=\"http:\/\/weingut-pfannebecker.de\/wp-content\/uploads\/2016\/05\/IMG_2180-e1462374557101-80x80.jpg\" alt=\"22.April 2015: Unser Jungfeld\" height=\"80\" width=\"80\" loading=\"lazy\" decoding=\"async\"><\/a><h3 class=\"rpwe-title\"><a href=\"http:\/\/weingut-pfannebecker.de\/?p=1087\" target=\"_self\">22.April 2015: Unser Jungfeld<\/a><\/h3><time class=\"rpwe-time published\" datetime=\"2015-04-22T17:06:20+02:00\">22. April 2015<\/time><div class=\"rpwe-summary\">Sei es, dass ein neues Feld angelegt werden soll, sei &hellip;<a href=\"http:\/\/weingut-pfannebecker.de\/?p=1087\" class=\"more-link\"> \u00bb Weiterlesen \u00bb<\/a><\/div><\/li><li class=\"rpwe-li rpwe-clearfix\"><a class=\"rpwe-img\" href=\"http:\/\/weingut-pfannebecker.de\/?p=830\" target=\"_self\"><img class=\"rpwe-alignleft rpwe-thumb\" src=\"http:\/\/weingut-pfannebecker.de\/wp-content\/uploads\/2016\/04\/IMG_2189_thumb-80x80.jpg\" alt=\"22.April 2015: Pheromone oder wie verwirre ich meine Sch&auml;dlinge\" height=\"80\" width=\"80\" loading=\"lazy\" decoding=\"async\"><\/a><h3 class=\"rpwe-title\"><a href=\"http:\/\/weingut-pfannebecker.de\/?p=830\" target=\"_self\">22.April 2015: Pheromone oder wie verwirre ich meine Sch&auml;dlinge<\/a><\/h3><time class=\"rpwe-time published\" datetime=\"2015-04-22T10:25:00+02:00\">22. April 2015<\/time><div class=\"rpwe-summary\">Heute fr\u00fch um 9:30Uhr fand \u2013 wie jedes Jahr \u2013 &hellip;<a href=\"http:\/\/weingut-pfannebecker.de\/?p=830\" class=\"more-link\"> \u00bb Weiterlesen \u00bb<\/a><\/div><\/li><li class=\"rpwe-li rpwe-clearfix\"><a class=\"rpwe-img\" href=\"http:\/\/weingut-pfannebecker.de\/?p=873\" target=\"_self\"><img class=\"rpwe-alignleft rpwe-thumb\" src=\"http:\/\/weingut-pfannebecker.de\/wp-content\/uploads\/2016\/05\/IMG_2138-150x150-1-80x80.jpg\" alt=\"21.April 2015: Ersatzpflanzungen\" height=\"80\" width=\"80\" loading=\"lazy\" decoding=\"async\"><\/a><h3 class=\"rpwe-title\"><a href=\"http:\/\/weingut-pfannebecker.de\/?p=873\" target=\"_self\">21.April 2015: Ersatzpflanzungen<\/a><\/h3><time class=\"rpwe-time published\" datetime=\"2015-04-21T16:10:49+02:00\">21. April 2015<\/time><div class=\"rpwe-summary\">Es ist Fr\u00fchjahr. Der Bestand auf den Feldern ist begutachtet. &hellip;<a href=\"http:\/\/weingut-pfannebecker.de\/?p=873\" class=\"more-link\"> \u00bb Weiterlesen \u00bb<\/a><\/div><\/li><li class=\"rpwe-li rpwe-clearfix\"><a class=\"rpwe-img\" href=\"http:\/\/weingut-pfannebecker.de\/?p=599\" target=\"_self\"><img class=\"rpwe-alignleft rpwe-thumb\" src=\"http:\/\/weingut-pfannebecker.de\/wp-content\/uploads\/2015\/08\/IMG_5226-80x80.jpg\" alt=\"Impressionen 2006: Weinlese\" height=\"80\" width=\"80\" loading=\"lazy\" decoding=\"async\"><\/a><h3 class=\"rpwe-title\"><a href=\"http:\/\/weingut-pfannebecker.de\/?p=599\" target=\"_self\">Impressionen 2006: Weinlese<\/a><\/h3><time class=\"rpwe-time published\" datetime=\"2006-10-11T14:26:29+02:00\">11. Oktober 2006<\/time><div class=\"rpwe-summary\">Bitte auf ein Bild klicken, um\u00a0alle Bilder vollst\u00e4ndig und gr\u00f6\u00dfer &hellip;<a href=\"http:\/\/weingut-pfannebecker.de\/?p=599\" class=\"more-link\"> \u00bb Weiterlesen \u00bb<\/a><\/div><\/li><li class=\"rpwe-li rpwe-clearfix\"><a class=\"rpwe-img\" href=\"http:\/\/weingut-pfannebecker.de\/?p=515\" target=\"_self\"><img class=\"rpwe-alignleft rpwe-thumb\" src=\"http:\/\/weingut-pfannebecker.de\/wp-content\/uploads\/2015\/08\/IMG_4575-80x80.jpg\" alt=\"Impressionen 2006: Unser Betrieb\" height=\"80\" width=\"80\" loading=\"lazy\" decoding=\"async\"><\/a><h3 class=\"rpwe-title\"><a href=\"http:\/\/weingut-pfannebecker.de\/?p=515\" target=\"_self\">Impressionen 2006: Unser Betrieb<\/a><\/h3><time class=\"rpwe-time published\" datetime=\"2006-08-11T11:54:05+02:00\">11. August 2006<\/time><div class=\"rpwe-summary\">Tradition und Moderne Hier finden Sie Bilder, die sehr anschaulich &hellip;<a href=\"http:\/\/weingut-pfannebecker.de\/?p=515\" class=\"more-link\"> \u00bb Weiterlesen \u00bb<\/a><\/div><\/li><\/ul><\/div><!-- Generated by http:\/\/wordpress.org\/plugins\/recent-posts-widget-extended\/ --><\/div><\/div><\/div><\/div><\/div>","protected":false},"excerpt":{"rendered":"<p>Unser Betrieb23.April 2015: Einmessen28. April 2015Nach der Neuanpflanzung m\u00fcssen die Drahtrahmen aufgestellt und gespannt werden, &hellip; \u00bb Weiterlesen \u00bb22.April 2015: Unser Jungfeld22. April 2015Sei es, dass ein neues Feld angelegt werden soll, sei &hellip; \u00bb Weiterlesen \u00bb22.April 2015: Pheromone oder wie verwirre ich meine Sch&auml;dlinge22. April 2015Heute fr\u00fch um 9:30Uhr fand \u2013 wie jedes Jahr &hellip; <a href=\"http:\/\/weingut-pfannebecker.de\/?page_id=736\" class=\"more-link\"><span class=\"screen-reader-text\">Thema: Unser Betrieb<\/span> weiterlesen <span class=\"meta-nav\">&rarr;<\/span><\/a><\/p>\n","protected":false},"author":1,"featured_media":0,"parent":0,"menu_order":0,"comment_status":"closed","ping_status":"closed","template":"","meta":{"footnotes":""},"class_list":["post-736","page","type-page","status-publish","hentry"],"_links":{"self":[{"href":"http:\/\/weingut-pfannebecker.de\/index.php?rest_route=\/wp\/v2\/pages\/736","targetHints":{"allow":["GET"]}}],"collection":[{"href":"http:\/\/weingut-pfannebecker.de\/index.php?rest_route=\/wp\/v2\/pages"}],"about":[{"href":"http:\/\/weingut-pfannebecker.de\/index.php?rest_route=\/wp\/v2\/types\/page"}],"author":[{"embeddable":true,"href":"http:\/\/weingut-pfannebecker.de\/index.php?rest_route=\/wp\/v2\/users\/1"}],"replies":[{"embeddable":true,"href":"http:\/\/weingut-pfannebecker.de\/index.php?rest_route=%2Fwp%2Fv2%2Fcomments&post=736"}],"version-history":[{"count":5,"href":"http:\/\/weingut-pfannebecker.de\/index.php?rest_route=\/wp\/v2\/pages\/736\/revisions"}],"predecessor-version":[{"id":809,"href":"http:\/\/weingut-pfannebecker.de\/index.php?rest_route=\/wp\/v2\/pages\/736\/revisions\/809"}],"wp:attachment":[{"href":"http:\/\/weingut-pfannebecker.de\/index.php?rest_route=%2Fwp%2Fv2%2Fmedia&parent=736"}],"curies":[{"name":"wp","href":"https:\/\/api.w.org\/{rel}","templated":true}]}}