{"id":61,"date":"2014-07-19T20:52:21","date_gmt":"2014-07-19T18:52:21","guid":{"rendered":"http:\/\/localhost\/wp_wein\/?page_id=61"},"modified":"2024-11-21T10:45:32","modified_gmt":"2024-11-21T08:45:32","slug":"rose","status":"publish","type":"page","link":"http:\/\/weingut-pfannebecker.de\/?page_id=61","title":{"rendered":"Ros\u00e9 \/ Wei\u00dfherbst"},"content":{"rendered":"<p>Als Wei\u00dfherbst bezeichnet man nach deutschem Weinrecht einen Ros\u00e9wein, welcher aus einer einzigen roten Rebsorte gekeltert wurde. Zus\u00e4tzlich m\u00fcssen die Weintrauben aus einer Lage stammen.<\/p>\n<p>Es wird jedoch dasselbe Verfahren wie bei der Herstellung von\u00a0Wei\u00dfwein angewendet. Dabei wird der Most vor der G\u00e4rung von den Trauben abgepresst, so dass sich die rote F\u00e4rbung der Beeren nur als leichte Rosaf\u00e4rbung des Weines bemerkbar macht.<\/p>\n<p>Rufen Sie <span style=\"font-size: 20px;\"><a href=\".\/?page_id=443\/#rosee\" target=\"_blank\" rel=\"noopener\" data-wplink-edit=\"true\">hier<\/a><\/span> die Liste unserer Wei\u00dfherbst- und Ros\u00e9weine auf!<\/p>\n","protected":false},"excerpt":{"rendered":"<p>Als Wei\u00dfherbst bezeichnet man nach deutschem Weinrecht einen Ros\u00e9wein, welcher aus einer einzigen roten Rebsorte gekeltert wurde. Zus\u00e4tzlich m\u00fcssen die Weintrauben aus einer Lage stammen. Es wird jedoch dasselbe Verfahren wie bei der Herstellung von\u00a0Wei\u00dfwein angewendet. Dabei wird der Most vor der G\u00e4rung von den Trauben abgepresst, so dass sich die rote F\u00e4rbung der Beeren &hellip; <a href=\"http:\/\/weingut-pfannebecker.de\/?page_id=61\" class=\"more-link\"><span class=\"screen-reader-text\">Ros\u00e9 \/ Wei\u00dfherbst<\/span> weiterlesen <span class=\"meta-nav\">&rarr;<\/span><\/a><\/p>\n","protected":false},"author":1,"featured_media":0,"parent":0,"menu_order":0,"comment_status":"closed","ping_status":"closed","template":"","meta":{"footnotes":""},"class_list":["post-61","page","type-page","status-publish","hentry"],"_links":{"self":[{"href":"http:\/\/weingut-pfannebecker.de\/index.php?rest_route=\/wp\/v2\/pages\/61","targetHints":{"allow":["GET"]}}],"collection":[{"href":"http:\/\/weingut-pfannebecker.de\/index.php?rest_route=\/wp\/v2\/pages"}],"about":[{"href":"http:\/\/weingut-pfannebecker.de\/index.php?rest_route=\/wp\/v2\/types\/page"}],"author":[{"embeddable":true,"href":"http:\/\/weingut-pfannebecker.de\/index.php?rest_route=\/wp\/v2\/users\/1"}],"replies":[{"embeddable":true,"href":"http:\/\/weingut-pfannebecker.de\/index.php?rest_route=%2Fwp%2Fv2%2Fcomments&post=61"}],"version-history":[{"count":10,"href":"http:\/\/weingut-pfannebecker.de\/index.php?rest_route=\/wp\/v2\/pages\/61\/revisions"}],"predecessor-version":[{"id":31556,"href":"http:\/\/weingut-pfannebecker.de\/index.php?rest_route=\/wp\/v2\/pages\/61\/revisions\/31556"}],"wp:attachment":[{"href":"http:\/\/weingut-pfannebecker.de\/index.php?rest_route=%2Fwp%2Fv2%2Fmedia&parent=61"}],"curies":[{"name":"wp","href":"https:\/\/api.w.org\/{rel}","templated":true}]}}