{"id":55,"date":"2014-07-19T20:35:50","date_gmt":"2014-07-19T18:35:50","guid":{"rendered":"http:\/\/localhost\/wp_wein\/?page_id=55"},"modified":"2014-10-30T23:02:09","modified_gmt":"2014-10-30T21:02:09","slug":"kontakt","status":"publish","type":"page","link":"http:\/\/weingut-pfannebecker.de\/?page_id=55","title":{"rendered":"Kontakt"},"content":{"rendered":"\r\n<p style=\"font-style: italic; background-color:#efefef; \">\r\nWeingut H.-W. Pfannebecker<br \/>\r\nPlenzer 26 und 27<br \/><br \/>\r\nD-67592 Fl\u00f6rsheim - Dalsheim<br \/><br \/>\r\nTel.: 06243 7577 oder 7196<br \/>\r\nFax: 06243 903415<br>\r\n<\/p>\r\n\r\n<br>\r\n<p >\r\nWir halten den pers\u00f6nlichen Kundenkontakt f\u00fcr sehr wichtig. <\/p><p>\r\nAus diesem Grunde ziehen wir 'althergebrachte' Kommunikationsformen vor und haben deshalb auch keinen Online-Shop integriert.<\/p><p>\r\nBitte rufen Sie uns an, damit wir Sie bei der Auswahl beraten k\u00f6nnen, oder schicken Sie uns eine kurze eMail an <br>\r\n<span style=\"color:blue; text-align:center; margin-left:40px; \">info@weingut-pfannebecker.de<\/span>\r\n<br>\r\nWir rufen n\u00e4chstm\u00f6glichst zur\u00fcck.<\/p>\r\n\n","protected":false},"excerpt":{"rendered":"","protected":false},"author":1,"featured_media":0,"parent":0,"menu_order":0,"comment_status":"closed","ping_status":"closed","template":"","meta":{"footnotes":""},"class_list":["post-55","page","type-page","status-publish","hentry"],"_links":{"self":[{"href":"http:\/\/weingut-pfannebecker.de\/index.php?rest_route=\/wp\/v2\/pages\/55","targetHints":{"allow":["GET"]}}],"collection":[{"href":"http:\/\/weingut-pfannebecker.de\/index.php?rest_route=\/wp\/v2\/pages"}],"about":[{"href":"http:\/\/weingut-pfannebecker.de\/index.php?rest_route=\/wp\/v2\/types\/page"}],"author":[{"embeddable":true,"href":"http:\/\/weingut-pfannebecker.de\/index.php?rest_route=\/wp\/v2\/users\/1"}],"replies":[{"embeddable":true,"href":"http:\/\/weingut-pfannebecker.de\/index.php?rest_route=%2Fwp%2Fv2%2Fcomments&post=55"}],"version-history":[{"count":14,"href":"http:\/\/weingut-pfannebecker.de\/index.php?rest_route=\/wp\/v2\/pages\/55\/revisions"}],"predecessor-version":[{"id":375,"href":"http:\/\/weingut-pfannebecker.de\/index.php?rest_route=\/wp\/v2\/pages\/55\/revisions\/375"}],"wp:attachment":[{"href":"http:\/\/weingut-pfannebecker.de\/index.php?rest_route=%2Fwp%2Fv2%2Fmedia&parent=55"}],"curies":[{"name":"wp","href":"https:\/\/api.w.org\/{rel}","templated":true}]}}