{"id":53,"date":"2014-07-19T20:35:00","date_gmt":"2014-07-19T18:35:00","guid":{"rendered":"http:\/\/localhost\/wp_wein\/?page_id=53"},"modified":"2022-10-24T15:20:07","modified_gmt":"2022-10-24T13:20:07","slug":"impressum","status":"publish","type":"page","link":"http:\/\/weingut-pfannebecker.de\/?page_id=53","title":{"rendered":"Impressum"},"content":{"rendered":"<p style=\"font-style: italic; background-color: #efefef;\">Weingut H.-W. Pfannebecker<br \/>\nPlenzer 26 und 27<\/p>\n<p>D-67592 Fl\u00f6rsheim &#8211; Dalsheim<br \/>\nTel.: 06243 7577 oder 7196<br \/>\nFax: 06243 903415<\/p>\n<p>Steuer-ID: DE 1733 163 14<\/p>\n<p><strong>Datenschutzerkl\u00e4rung:<\/strong><br \/>\nDiese Website ist mit Sorgfalt so gestaltet, dass <span style=\"text-decoration: underline;\">keine personenbezogenen Daten<\/span> erhoben werden, und<span style=\"text-decoration: underline;\"> Cookies<\/span> nur insoweit genutzt werden, als wie es <span style=\"text-decoration: underline;\">f\u00fcr den technischen Betrieb der Website (Basis: WordPress) erforderlich und gem\u00e4\u00df DSGVO erlaubt<\/span> ist.<br \/>\nSollte diese Website problematische Features aufweisen, bitte wir um sofortige Hinweise an den Websitebetreiber (s.o.) , um unsere Website auf einen technisch und rechtlich sicheren Stand bringen zu k\u00f6nnen.<\/p>\n<p><em>Erkl\u00e4rung zu Externen Links:<\/em><br \/>\nSoweit Verweise auf fremde Seiten gesetzt sind, ist dies mit Sorgfalt geschehen; insbesondere habe ich mich \u00fcberzeugt, dass zum Zeitpunkt der Linksetzung keine illegalen Inhalte auf den verlinkten Seiten erkennbar waren. Auf die aktuellen Inhalte und die Art der Gestaltung fremder Seiten habe ich jedoch keinen Einfluss.<\/p>\n<p><em>Copyright-Vermerk:<\/em><br \/>\nSoweit in einzelnen Seiten nicht anders ausgewiesen, liegen die Rechte an den Bildern und Texten bei H.W.Pfannebecker.<\/p>\n","protected":false},"excerpt":{"rendered":"<p>Weingut H.-W. Pfannebecker Plenzer 26 und 27 D-67592 Fl\u00f6rsheim &#8211; Dalsheim Tel.: 06243 7577 oder 7196 Fax: 06243 903415 Steuer-ID: DE 1733 163 14 Datenschutzerkl\u00e4rung: Diese Website ist mit Sorgfalt so gestaltet, dass keine personenbezogenen Daten erhoben werden, und Cookies nur insoweit genutzt werden, als wie es f\u00fcr den technischen Betrieb der Website (Basis: WordPress) &hellip; <a href=\"http:\/\/weingut-pfannebecker.de\/?page_id=53\" class=\"more-link\"><span class=\"screen-reader-text\">Impressum<\/span> weiterlesen <span class=\"meta-nav\">&rarr;<\/span><\/a><\/p>\n","protected":false},"author":1,"featured_media":0,"parent":0,"menu_order":0,"comment_status":"closed","ping_status":"closed","template":"","meta":{"footnotes":""},"class_list":["post-53","page","type-page","status-publish","hentry"],"_links":{"self":[{"href":"http:\/\/weingut-pfannebecker.de\/index.php?rest_route=\/wp\/v2\/pages\/53","targetHints":{"allow":["GET"]}}],"collection":[{"href":"http:\/\/weingut-pfannebecker.de\/index.php?rest_route=\/wp\/v2\/pages"}],"about":[{"href":"http:\/\/weingut-pfannebecker.de\/index.php?rest_route=\/wp\/v2\/types\/page"}],"author":[{"embeddable":true,"href":"http:\/\/weingut-pfannebecker.de\/index.php?rest_route=\/wp\/v2\/users\/1"}],"replies":[{"embeddable":true,"href":"http:\/\/weingut-pfannebecker.de\/index.php?rest_route=%2Fwp%2Fv2%2Fcomments&post=53"}],"version-history":[{"count":27,"href":"http:\/\/weingut-pfannebecker.de\/index.php?rest_route=\/wp\/v2\/pages\/53\/revisions"}],"predecessor-version":[{"id":31554,"href":"http:\/\/weingut-pfannebecker.de\/index.php?rest_route=\/wp\/v2\/pages\/53\/revisions\/31554"}],"wp:attachment":[{"href":"http:\/\/weingut-pfannebecker.de\/index.php?rest_route=%2Fwp%2Fv2%2Fmedia&parent=53"}],"curies":[{"name":"wp","href":"https:\/\/api.w.org\/{rel}","templated":true}]}}