{"id":39,"date":"2014-07-19T20:27:45","date_gmt":"2014-07-19T18:27:45","guid":{"rendered":"http:\/\/localhost\/wp_wein\/?page_id=39"},"modified":"2024-11-22T15:56:44","modified_gmt":"2024-11-22T13:56:44","slug":"unsere-weine","status":"publish","type":"page","link":"http:\/\/weingut-pfannebecker.de\/?page_id=39","title":{"rendered":"Unsere Weine"},"content":{"rendered":"<p><img loading=\"lazy\" decoding=\"async\" class=\"wp-image-584 size-medium alignright\" src=\"http:\/\/weingut-pfannebecker.de\/wp-content\/uploads\/2015\/08\/IMG_5232-201x300.jpg\" alt=\"\" width=\"201\" height=\"300\" srcset=\"http:\/\/weingut-pfannebecker.de\/wp-content\/uploads\/2015\/08\/IMG_5232-201x300.jpg 201w, http:\/\/weingut-pfannebecker.de\/wp-content\/uploads\/2015\/08\/IMG_5232.jpg 341w\" sizes=\"auto, (max-width: 201px) 100vw, 201px\" \/>Eine in Jahrhunderten gewachsene Erkenntnis&#8230;<\/p>\n<hr \/>\n<p style=\"text-align: left;\"><em><strong>Rotwein sch\u00fctzt vor Herzkrankheiten,<\/strong><\/em><br \/>\n<em><strong>Wei\u00dfwein f\u00f6rdert das Ged\u00e4chtnis.<\/strong><\/em><\/p>\n<p style=\"text-align: right;\"><em><strong>Es ist also wichtig, Wei\u00dfwein zu trinken,<\/strong><\/em><br \/>\n<em><strong>um sich daran zu erinnern, wie gesund Rotwein ist.<\/strong><\/em><\/p>\n<hr \/>\n<p>Im folgenden geben wir zu den einzelnen Weinsorten einige f\u00fcr Sie hoffentlich interessante allgemeine Informationen und jeweils eine \u00dcbersicht \u00fcber die von uns produzierten Weine:<\/p>\n<ul style=\"margin: 0px; padding: 0px; list-style-type: none;\">\n<li style=\"padding: 2px; float: left;\"><a style=\"display: block; background-color: grey; color: white; font-family: Helvetica,Arial,sans-serif; text-align: center;\" href=\"?page_id=41\">Rotwein<\/a><\/li>\n<li style=\"padding: 2px; float: left;\"><a style=\"display: block; background-color: grey; color: white; font-family: Helvetica,Arial,sans-serif; text-align: center;\" href=\"?page_id=61\">Rosee und Wei\u00dfherbst<\/a><\/li>\n<li style=\"padding: 2px; float: left;\"><a style=\"display: block; width: 100px; background-color: grey; color: white; font-family: Helvetica,Arial,sans-serif; text-align: center;\" href=\"?page_id=43\">Wei\u00dfwein<\/a><\/li>\n<li style=\"padding: 2px; float: left;\"><a style=\"display: block; background-color: grey; color: white; font-family: Helvetica,Arial,sans-serif; text-align: center;\" href=\"?page_id=45\">Sekt &amp; Spezialit\u00e4ten<\/a><\/li>\n<\/ul>\n<div style=\"clear: both;\"><\/div>\n<p><strong>Oder w\u00e4hlen Sie die <a style=\"background-color: grey; color: white; font-family: Helvetica,Arial,sans-serif; text-align: center;\" href=\".\/?page_id=443\">Gesamtliste unseres Angebots an Weinen und Sekt<\/a>!<\/strong><\/p>\n<hr \/>\n<p><span style=\"font-size: 20px;\"><em>Wir m\u00f6chten Sie aber auch mit weiteren Angeboten bekannt machen:<\/em><\/span><\/p>\n<p style=\"padding-left: 30px;\"><span style=\"font-size: 16px;\"><em>Als alkoholfreie Alternative bieten wir Ihnen unsere <strong>Traubens\u00e4fte<\/strong> aus wei\u00dfen und roten Trauben an. \u00a0 \u00a0 \u00a0&#8230;<\/em><span style=\"font-size: 14px;\">Sie finden sie <a href=\".\/?page_id=443#saft\">hier.<\/a><\/span><\/span><\/p>\n<p style=\"padding-left: 30px;\"><span style=\"font-size: 16px;\"><em>Als sommerliche Erfrischung sind unsere roten und wei\u00dfen<strong> Perl-Weine<\/strong> zu empfehlen. \u00a0 \u00a0 \u00a0&#8230;<\/em><span style=\"font-size: 14px;\">Sie finden sie <a href=\".\/?page_id=443#perl\">hier.<\/a><\/span><\/span><\/p>\n<p style=\"padding-left: 30px;\"><span style=\"font-size: 16px;\"><em>und wer qualitativ hochwertige Spirituosen sch\u00e4tzt, sollte unsere <strong>Branntweine und Lik\u00f6re<\/strong> w\u00e4hlen! \u00a0 \u00a0 \u00a0&#8230;<\/em><span style=\"font-size: 14px;\">Sie finden sie <a href=\".\/?page_id=443#spirit\">hier.<\/a><\/span><\/span><\/p>\n","protected":false},"excerpt":{"rendered":"<p>Eine in Jahrhunderten gewachsene Erkenntnis&#8230; Rotwein sch\u00fctzt vor Herzkrankheiten, Wei\u00dfwein f\u00f6rdert das Ged\u00e4chtnis. Es ist also wichtig, Wei\u00dfwein zu trinken, um sich daran zu erinnern, wie gesund Rotwein ist. Im folgenden geben wir zu den einzelnen Weinsorten einige f\u00fcr Sie hoffentlich interessante allgemeine Informationen und jeweils eine \u00dcbersicht \u00fcber die von uns produzierten Weine: Rotwein &hellip; <a href=\"http:\/\/weingut-pfannebecker.de\/?page_id=39\" class=\"more-link\"><span class=\"screen-reader-text\">Unsere Weine<\/span> weiterlesen <span class=\"meta-nav\">&rarr;<\/span><\/a><\/p>\n","protected":false},"author":1,"featured_media":0,"parent":0,"menu_order":0,"comment_status":"closed","ping_status":"closed","template":"","meta":{"footnotes":""},"class_list":["post-39","page","type-page","status-publish","hentry"],"_links":{"self":[{"href":"http:\/\/weingut-pfannebecker.de\/index.php?rest_route=\/wp\/v2\/pages\/39","targetHints":{"allow":["GET"]}}],"collection":[{"href":"http:\/\/weingut-pfannebecker.de\/index.php?rest_route=\/wp\/v2\/pages"}],"about":[{"href":"http:\/\/weingut-pfannebecker.de\/index.php?rest_route=\/wp\/v2\/types\/page"}],"author":[{"embeddable":true,"href":"http:\/\/weingut-pfannebecker.de\/index.php?rest_route=\/wp\/v2\/users\/1"}],"replies":[{"embeddable":true,"href":"http:\/\/weingut-pfannebecker.de\/index.php?rest_route=%2Fwp%2Fv2%2Fcomments&post=39"}],"version-history":[{"count":43,"href":"http:\/\/weingut-pfannebecker.de\/index.php?rest_route=\/wp\/v2\/pages\/39\/revisions"}],"predecessor-version":[{"id":31572,"href":"http:\/\/weingut-pfannebecker.de\/index.php?rest_route=\/wp\/v2\/pages\/39\/revisions\/31572"}],"wp:attachment":[{"href":"http:\/\/weingut-pfannebecker.de\/index.php?rest_route=%2Fwp%2Fv2%2Fmedia&parent=39"}],"curies":[{"name":"wp","href":"https:\/\/api.w.org\/{rel}","templated":true}]}}