{"id":377,"date":"2014-10-30T23:26:15","date_gmt":"2014-10-30T21:26:15","guid":{"rendered":"http:\/\/2ppp.de\/wp_wein\/?page_id=377"},"modified":"2015-04-24T17:19:56","modified_gmt":"2015-04-24T15:19:56","slug":"lieferhinweise","status":"publish","type":"page","link":"http:\/\/weingut-pfannebecker.de\/?page_id=377","title":{"rendered":"Lieferhinweise"},"content":{"rendered":"<p><em><strong>Liefer- und Zahlungsbedingungen:<\/strong><\/em><br \/>\nDie Preise verstehen sich ab Hof incl. MWSt., aber ohne Pfand.<\/p>\n<p>Unsere Preise sind Inklusivpreise, also einschlie\u00dflich Glas und Verpackung und der gesetzlich geltenden Mehrwertsteuer.<\/p>\n<p>Wir sind bestrebt, m\u00f6glichst viele Kunden im Rahmen unseres Tourenplanes pers\u00f6nlich zu beliefern.<\/p>\n<p>Es ist aber auch der Versand in 6er- oder 12er-Kartons m\u00f6glich; der Versand erfolgt per DPD zu Lasten des Auftraggebers.<\/p>\n<p>Die Rechnung ist zahlbar rein netto sofort nach Erhalt der Ware. Durch eine scharfe Preiskalkulation ist eine Skontierung nicht m\u00f6glich.<\/p>\n<p>Eigentumsrecht bis zur Bezahlung der Ware wird vorbehalten.<\/p>\n<p><em><strong>Kontoverbindung:<br \/>\n<\/strong><\/em>Wormser Volksbank BLZ: 553 900 00<br \/>\nKontonummer: 35 050 906<\/p>\n<p>IBAN: \u00a0DE09553900000035050906<br \/>\nBIC: \u00a0 \u00a0 \u00a0GENODE61WO1<\/p>\n","protected":false},"excerpt":{"rendered":"<p>Liefer- und Zahlungsbedingungen: Die Preise verstehen sich ab Hof incl. MWSt., aber ohne Pfand. Unsere Preise sind Inklusivpreise, also einschlie\u00dflich Glas und Verpackung und der gesetzlich geltenden Mehrwertsteuer. Wir sind bestrebt, m\u00f6glichst viele Kunden im Rahmen unseres Tourenplanes pers\u00f6nlich zu beliefern. Es ist aber auch der Versand in 6er- oder 12er-Kartons m\u00f6glich; der Versand erfolgt &hellip; <a href=\"http:\/\/weingut-pfannebecker.de\/?page_id=377\" class=\"more-link\"><span class=\"screen-reader-text\">Lieferhinweise<\/span> weiterlesen <span class=\"meta-nav\">&rarr;<\/span><\/a><\/p>\n","protected":false},"author":1,"featured_media":0,"parent":0,"menu_order":0,"comment_status":"closed","ping_status":"closed","template":"","meta":{"footnotes":""},"class_list":["post-377","page","type-page","status-publish","hentry"],"_links":{"self":[{"href":"http:\/\/weingut-pfannebecker.de\/index.php?rest_route=\/wp\/v2\/pages\/377","targetHints":{"allow":["GET"]}}],"collection":[{"href":"http:\/\/weingut-pfannebecker.de\/index.php?rest_route=\/wp\/v2\/pages"}],"about":[{"href":"http:\/\/weingut-pfannebecker.de\/index.php?rest_route=\/wp\/v2\/types\/page"}],"author":[{"embeddable":true,"href":"http:\/\/weingut-pfannebecker.de\/index.php?rest_route=\/wp\/v2\/users\/1"}],"replies":[{"embeddable":true,"href":"http:\/\/weingut-pfannebecker.de\/index.php?rest_route=%2Fwp%2Fv2%2Fcomments&post=377"}],"version-history":[{"count":3,"href":"http:\/\/weingut-pfannebecker.de\/index.php?rest_route=\/wp\/v2\/pages\/377\/revisions"}],"predecessor-version":[{"id":414,"href":"http:\/\/weingut-pfannebecker.de\/index.php?rest_route=\/wp\/v2\/pages\/377\/revisions\/414"}],"wp:attachment":[{"href":"http:\/\/weingut-pfannebecker.de\/index.php?rest_route=%2Fwp%2Fv2%2Fmedia&parent=377"}],"curies":[{"name":"wp","href":"https:\/\/api.w.org\/{rel}","templated":true}]}}