{"id":280,"date":"2014-10-21T14:28:01","date_gmt":"2014-10-21T12:28:01","guid":{"rendered":"http:\/\/2ppp.de\/wp_wein\/?page_id=280"},"modified":"2016-04-28T15:54:34","modified_gmt":"2016-04-28T13:54:34","slug":"unsere-weinberge","status":"publish","type":"page","link":"http:\/\/weingut-pfannebecker.de\/?page_id=280","title":{"rendered":"Unsere Lagen"},"content":{"rendered":"<p>Unsere Lagen finden Sie im Ortsteil Fl\u00f6rsheim, sowie im Ort Gundersheim.<br \/>\n<div id=\"metaslider-id-729\" style=\"max-width: 840px; margin: 0 auto;\" class=\"ml-slider-3-108-0 metaslider metaslider-responsive metaslider-729 ml-slider ms-theme-default\" role=\"region\" aria-label=\"Neue Diashow\" data-height=\"560\" data-width=\"840\">\n    <div id=\"metaslider_container_729\">\n        <ul id='metaslider_729' class='rslides'>\n            <li aria-roledescription='slide' aria-labelledby='slide-0'><img loading=\"lazy\" decoding=\"async\" src=\"http:\/\/weingut-pfannebecker.de\/wp-content\/uploads\/2015\/09\/IMG_2239_DxO-840x560.jpg\" height=\"560\" width=\"840\" alt=\"\" class=\"slider-729 slide-712 msDefaultImage\" \/><div class=\"caption-wrap\"><div class=\"caption\">Chardonnay<\/div><\/div><\/li>\n            <li style='display: none;' aria-roledescription='slide' aria-labelledby='slide-1'><img loading=\"lazy\" decoding=\"async\" src=\"http:\/\/weingut-pfannebecker.de\/wp-content\/uploads\/2015\/09\/IMG_2241_DxO-840x560.jpg\" height=\"560\" width=\"840\" alt=\"\" class=\"slider-729 slide-713 msDefaultImage\" \/><\/li>\n            <li style='display: none;' aria-roledescription='slide' aria-labelledby='slide-2'><img loading=\"lazy\" decoding=\"async\" src=\"http:\/\/weingut-pfannebecker.de\/wp-content\/uploads\/2015\/09\/IMG_2244_DxO-840x560.jpg\" height=\"560\" width=\"840\" alt=\"\" class=\"slider-729 slide-716 msDefaultImage\" \/><div class=\"caption-wrap\"><div class=\"caption\">Blick vom Frauenberg auf Fl\u00f6rsheim<\/div><\/div><\/li>\n            <li style='display: none;' aria-roledescription='slide' aria-labelledby='slide-3'><img loading=\"lazy\" decoding=\"async\" src=\"http:\/\/weingut-pfannebecker.de\/wp-content\/uploads\/2015\/09\/IMG_2246_DxO-840x560.jpg\" height=\"560\" width=\"840\" alt=\"\" class=\"slider-729 slide-717 msDefaultImage\" \/><div class=\"caption-wrap\"><div class=\"caption\">Huxelrebe<\/div><\/div><\/li>\n            <li style='display: none;' aria-roledescription='slide' aria-labelledby='slide-4'><img loading=\"lazy\" decoding=\"async\" src=\"http:\/\/weingut-pfannebecker.de\/wp-content\/uploads\/2015\/09\/IMG_2248_DxO-840x560.jpg\" height=\"560\" width=\"840\" alt=\"\" class=\"slider-729 slide-718 msDefaultImage\" \/><div class=\"caption-wrap\"><div class=\"caption\">Portugieser<\/div><\/div><\/li>\n            <li style='display: none;' aria-roledescription='slide' aria-labelledby='slide-5'><img loading=\"lazy\" decoding=\"async\" src=\"http:\/\/weingut-pfannebecker.de\/wp-content\/uploads\/2015\/09\/IMG_2250_DxO-840x560.jpg\" height=\"560\" width=\"840\" alt=\"\" class=\"slider-729 slide-719 msDefaultImage\" \/><\/li>\n            <li style='display: none;' aria-roledescription='slide' aria-labelledby='slide-6'><img loading=\"lazy\" decoding=\"async\" src=\"http:\/\/weingut-pfannebecker.de\/wp-content\/uploads\/2015\/09\/IMG_2252_DxO-840x560.jpg\" height=\"560\" width=\"840\" alt=\"\" class=\"slider-729 slide-720 msDefaultImage\" \/><div class=\"caption-wrap\"><div class=\"caption\">Regelm\u00e4\u00dfige Entlaubung und Entfernung unreifer Trauben sind die Grundlage f\u00fcr hervorragenden Ertrag und Wohlgeschmack.<\/div><\/div><\/li>\n            <li style='display: none;' aria-roledescription='slide' aria-labelledby='slide-7'><img loading=\"lazy\" decoding=\"async\" src=\"http:\/\/weingut-pfannebecker.de\/wp-content\/uploads\/2015\/09\/IMG_2253_DxO-840x560.jpg\" height=\"560\" width=\"840\" alt=\"\" class=\"slider-729 slide-721 msDefaultImage\" \/><\/li>\n            <li style='display: none;' aria-roledescription='slide' aria-labelledby='slide-8'><img loading=\"lazy\" decoding=\"async\" src=\"http:\/\/weingut-pfannebecker.de\/wp-content\/uploads\/2015\/09\/IMG_2254_DxO-840x560.jpg\" height=\"560\" width=\"840\" alt=\"\" class=\"slider-729 slide-722 msDefaultImage\" \/><\/li>\n            <li style='display: none;' aria-roledescription='slide' aria-labelledby='slide-9'><img loading=\"lazy\" decoding=\"async\" src=\"http:\/\/weingut-pfannebecker.de\/wp-content\/uploads\/2015\/09\/IMG_2260_DxO-840x560.jpg\" height=\"560\" width=\"840\" alt=\"\" class=\"slider-729 slide-723 msDefaultImage\" \/><\/li>\n            <li style='display: none;' aria-roledescription='slide' aria-labelledby='slide-10'><img loading=\"lazy\" decoding=\"async\" src=\"http:\/\/weingut-pfannebecker.de\/wp-content\/uploads\/2015\/09\/IMG_2262_DxO-840x560.jpg\" height=\"560\" width=\"840\" alt=\"\" class=\"slider-729 slide-724 msDefaultImage\" \/><\/li>\n            <li style='display: none;' aria-roledescription='slide' aria-labelledby='slide-11'><img loading=\"lazy\" decoding=\"async\" src=\"http:\/\/weingut-pfannebecker.de\/wp-content\/uploads\/2015\/09\/IMG_2263_DxO-840x560.jpg\" height=\"560\" width=\"840\" alt=\"\" class=\"slider-729 slide-725 msDefaultImage\" \/><\/li>\n            <li style='display: none;' aria-roledescription='slide' aria-labelledby='slide-12'><img loading=\"lazy\" decoding=\"async\" src=\"http:\/\/weingut-pfannebecker.de\/wp-content\/uploads\/2015\/09\/IMG_2268_DxO-840x560.jpg\" height=\"560\" width=\"840\" alt=\"\" class=\"slider-729 slide-726 msDefaultImage\" \/><div class=\"caption-wrap\"><div class=\"caption\">Der Weg in den Ort...\nHier laden Spazierg\u00e4nge oder Wanderungen zur Erholung ein. <\/div><\/div><\/li>\n            <li style='display: none;' aria-roledescription='slide' aria-labelledby='slide-13'><img loading=\"lazy\" decoding=\"async\" src=\"http:\/\/weingut-pfannebecker.de\/wp-content\/uploads\/2015\/09\/IMG_2270_DxO-840x560.jpg\" height=\"560\" width=\"840\" alt=\"\" class=\"slider-729 slide-727 msDefaultImage\" \/><div class=\"caption-wrap\"><div class=\"caption\">Die Lage Goldberg<\/div><\/div><\/li>\n            <li style='display: none;' aria-roledescription='slide' aria-labelledby='slide-14'><img loading=\"lazy\" decoding=\"async\" src=\"http:\/\/weingut-pfannebecker.de\/wp-content\/uploads\/2015\/09\/IMG_2273_DxO-840x560.jpg\" height=\"560\" width=\"840\" alt=\"\" class=\"slider-729 slide-728 msDefaultImage\" \/><div class=\"caption-wrap\"><div class=\"caption\">Der Ort Gundersheim ist die traditionelle Rotweinlage im Wonnegau; er gilt als beste Rotweingemeinde in Deutschland.<\/div><\/div><\/li>\n        <\/ul>\n        \n    <\/div>\n<\/div><br \/>\n<em><span style=\"font-size: 12px;\">Hinweis:\u00a0 Um den automatischen Bildwechsel zu unterbrechen, bewegen Sie den Mauszeiger ins Bild. Sie k\u00f6nnen dann auch mit der Maus bl\u00e4ttern.<\/span><\/em><\/p>\n<hr \/>\n<p>Gundersheim gilt als eine der besten Rotweingemeinden Deutschlands; dort ist der Anbau roter Rebsorten seit Generationen Tradition.<br \/>\nSpeziell unser DORNFELDER\u00a0stammt aus der dortigen Gro\u00dflage &#8222;Gundersheimer Bergkloster&#8220;.<\/p>\n<p>Fl\u00f6rsheim steht &#8211; dem gewandelten Geschmack unserer Kunden &#8211; sowohl f\u00fcr Wei\u00df- als auch f\u00fcr Rotweine. So finden Sie in den dortigen Lagen (Goldberg, Niederfl\u00f6rsfelder Frauenberg, Burg Rodenstein) unsere wei\u00dfen Rebsorten genauso wie rote.<\/p>\n<p>Die Etiketten auf unseren Weinflaschen geben Ihnen alle Informationen zur jeweiligen\u00a0Rebsorte und deren Herkunft. Rufen Sie aus dem Menu <a href=\"http:\/\/pran.de\/wp_wein\/?page_id=443\">Unsere Weine<\/a> auf, um Beispiele zu entdecken.<\/p>\n","protected":false},"excerpt":{"rendered":"<p>Unsere Lagen finden Sie im Ortsteil Fl\u00f6rsheim, sowie im Ort Gundersheim. Hinweis:\u00a0 Um den automatischen Bildwechsel zu unterbrechen, bewegen Sie den Mauszeiger ins Bild. Sie k\u00f6nnen dann auch mit der Maus bl\u00e4ttern. Gundersheim gilt als eine der besten Rotweingemeinden Deutschlands; dort ist der Anbau roter Rebsorten seit Generationen Tradition. Speziell unser DORNFELDER\u00a0stammt aus der dortigen &hellip; <a href=\"http:\/\/weingut-pfannebecker.de\/?page_id=280\" class=\"more-link\"><span class=\"screen-reader-text\">Unsere Lagen<\/span> weiterlesen <span class=\"meta-nav\">&rarr;<\/span><\/a><\/p>\n","protected":false},"author":1,"featured_media":0,"parent":0,"menu_order":0,"comment_status":"closed","ping_status":"closed","template":"","meta":{"footnotes":""},"class_list":["post-280","page","type-page","status-publish","hentry"],"_links":{"self":[{"href":"http:\/\/weingut-pfannebecker.de\/index.php?rest_route=\/wp\/v2\/pages\/280","targetHints":{"allow":["GET"]}}],"collection":[{"href":"http:\/\/weingut-pfannebecker.de\/index.php?rest_route=\/wp\/v2\/pages"}],"about":[{"href":"http:\/\/weingut-pfannebecker.de\/index.php?rest_route=\/wp\/v2\/types\/page"}],"author":[{"embeddable":true,"href":"http:\/\/weingut-pfannebecker.de\/index.php?rest_route=\/wp\/v2\/users\/1"}],"replies":[{"embeddable":true,"href":"http:\/\/weingut-pfannebecker.de\/index.php?rest_route=%2Fwp%2Fv2%2Fcomments&post=280"}],"version-history":[{"count":6,"href":"http:\/\/weingut-pfannebecker.de\/index.php?rest_route=\/wp\/v2\/pages\/280\/revisions"}],"predecessor-version":[{"id":837,"href":"http:\/\/weingut-pfannebecker.de\/index.php?rest_route=\/wp\/v2\/pages\/280\/revisions\/837"}],"wp:attachment":[{"href":"http:\/\/weingut-pfannebecker.de\/index.php?rest_route=%2Fwp%2Fv2%2Fmedia&parent=280"}],"curies":[{"name":"wp","href":"https:\/\/api.w.org\/{rel}","templated":true}]}}